{"id":5915,"date":"2024-04-29T11:41:50","date_gmt":"2024-04-29T09:41:50","guid":{"rendered":"https:\/\/www.tollkoetter.de\/shop\/?post_type=product&#038;p=5915"},"modified":"2026-03-02T18:05:31","modified_gmt":"2026-03-02T17:05:31","slug":"roasted-nuss-muesli-vegan-glutenfrei","status":"publish","type":"product","link":"https:\/\/www.tollkoetter.de\/shop\/produkt\/roasted-nuss-muesli-vegan-glutenfrei\/","title":{"rendered":"Roasted Nuss M\u00fcsli vegan &amp; glutenfrei"},"content":{"rendered":"","protected":false},"excerpt":{"rendered":"<p>Das Tollk\u00f6tter Roasted Nuss M\u00fcsli vegan &amp; glutenfrei besteht aus:<\/p>\n<p>Nussmischung, Haferflocken, Leinsamen, Zucker, Margarine<\/p>\n<p>Gewicht: ca. 350g (Grundpreis: 15,57 \u20ac je 1 kg)<\/p>\n","protected":false},"featured_media":7315,"comment_status":"closed","ping_status":"closed","template":"","meta":[],"product_brand":[],"product_cat":[14,12],"product_tag":[],"class_list":{"0":"post-5915","1":"product","2":"type-product","3":"status-publish","4":"has-post-thumbnail","6":"product_cat-glutenfrei","7":"product_cat-vegan","9":"first","10":"instock","11":"taxable","12":"shipping-taxable","13":"purchasable","14":"product-type-simple"},"_links":{"self":[{"href":"https:\/\/www.tollkoetter.de\/shop\/wp-json\/wp\/v2\/product\/5915","targetHints":{"allow":["GET"]}}],"collection":[{"href":"https:\/\/www.tollkoetter.de\/shop\/wp-json\/wp\/v2\/product"}],"about":[{"href":"https:\/\/www.tollkoetter.de\/shop\/wp-json\/wp\/v2\/types\/product"}],"replies":[{"embeddable":true,"href":"https:\/\/www.tollkoetter.de\/shop\/wp-json\/wp\/v2\/comments?post=5915"}],"wp:featuredmedia":[{"embeddable":true,"href":"https:\/\/www.tollkoetter.de\/shop\/wp-json\/wp\/v2\/media\/7315"}],"wp:attachment":[{"href":"https:\/\/www.tollkoetter.de\/shop\/wp-json\/wp\/v2\/media?parent=5915"}],"wp:term":[{"taxonomy":"product_brand","embeddable":true,"href":"https:\/\/www.tollkoetter.de\/shop\/wp-json\/wp\/v2\/product_brand?post=5915"},{"taxonomy":"product_cat","embeddable":true,"href":"https:\/\/www.tollkoetter.de\/shop\/wp-json\/wp\/v2\/product_cat?post=5915"},{"taxonomy":"product_tag","embeddable":true,"href":"https:\/\/www.tollkoetter.de\/shop\/wp-json\/wp\/v2\/product_tag?post=5915"}],"curies":[{"name":"wp","href":"https:\/\/api.w.org\/{rel}","templated":true}]}}