{"id":519,"date":"2017-11-03T13:02:54","date_gmt":"2017-11-03T12:02:54","guid":{"rendered":"http:\/\/www.tollkoetter.de\/shop\/?post_type=product&#038;p=519"},"modified":"2026-01-29T07:24:34","modified_gmt":"2026-01-29T06:24:34","slug":"knuefchen","status":"publish","type":"product","link":"https:\/\/www.tollkoetter.de\/shop\/produkt\/knuefchen\/","title":{"rendered":"Hausbrot Kn\u00fcfchen"},"content":{"rendered":"","protected":false},"excerpt":{"rendered":"<p>Unser Tollk\u00f6tter Hausbrot Kn\u00fcfchen ist ein Sauerteigbrot bestehend aus einer Roggenmischung mit einer dicken herrlich schmeckenden, knackigen und kr\u00e4ftigen Kruste. Schmeckt hervorragend mit einer leicht salzigen Butter.<\/p>\n<p>Das Tollk\u00f6tter Hausbrot Kn\u00fcfchen besteht aus:<br \/>\nca. 70 % Roggenmehl,<br \/>\nca. 30 % Weizenmehl,<br \/>\nNatursauerteig, Hefe und Steinsalz<\/p>\n<p>Gewicht: St\u00fcckpreis (Grundpreis: 13,75 \u20ac je 1 kg)<\/p>\n","protected":false},"featured_media":59,"comment_status":"closed","ping_status":"closed","template":"","meta":[],"product_brand":[],"product_cat":[101],"product_tag":[52,46,43,42,54,48,39,41,51,40,50,44,45,53,49,77,38],"class_list":{"0":"post-519","1":"product","2":"type-product","3":"status-publish","4":"has-post-thumbnail","6":"product_cat-roggenweizen-mischbrot","7":"product_tag-abendbrot","8":"product_tag-baeckerei","9":"product_tag-brot","10":"product_tag-dunkles","11":"product_tag-hausbrot","12":"product_tag-herrlich","13":"product_tag-knusprig","14":"product_tag-knusprige-kruste","15":"product_tag-kraeftig","16":"product_tag-kruste","17":"product_tag-mischung","18":"product_tag-muenster","19":"product_tag-muensterland","20":"product_tag-natursauerteig","21":"product_tag-roggen","22":"product_tag-tollkoetter-hausbrot","23":"product_tag-wagenrad","25":"first","26":"instock","27":"taxable","28":"shipping-taxable","29":"purchasable","30":"product-type-simple"},"_links":{"self":[{"href":"https:\/\/www.tollkoetter.de\/shop\/wp-json\/wp\/v2\/product\/519","targetHints":{"allow":["GET"]}}],"collection":[{"href":"https:\/\/www.tollkoetter.de\/shop\/wp-json\/wp\/v2\/product"}],"about":[{"href":"https:\/\/www.tollkoetter.de\/shop\/wp-json\/wp\/v2\/types\/product"}],"replies":[{"embeddable":true,"href":"https:\/\/www.tollkoetter.de\/shop\/wp-json\/wp\/v2\/comments?post=519"}],"wp:featuredmedia":[{"embeddable":true,"href":"https:\/\/www.tollkoetter.de\/shop\/wp-json\/wp\/v2\/media\/59"}],"wp:attachment":[{"href":"https:\/\/www.tollkoetter.de\/shop\/wp-json\/wp\/v2\/media?parent=519"}],"wp:term":[{"taxonomy":"product_brand","embeddable":true,"href":"https:\/\/www.tollkoetter.de\/shop\/wp-json\/wp\/v2\/product_brand?post=519"},{"taxonomy":"product_cat","embeddable":true,"href":"https:\/\/www.tollkoetter.de\/shop\/wp-json\/wp\/v2\/product_cat?post=519"},{"taxonomy":"product_tag","embeddable":true,"href":"https:\/\/www.tollkoetter.de\/shop\/wp-json\/wp\/v2\/product_tag?post=519"}],"curies":[{"name":"wp","href":"https:\/\/api.w.org\/{rel}","templated":true}]}}