{"id":457,"date":"2017-10-02T10:53:08","date_gmt":"2017-10-02T08:53:08","guid":{"rendered":"http:\/\/www.tollkoetter.de\/shop\/?post_type=product&#038;p=457"},"modified":"2026-01-29T07:32:39","modified_gmt":"2026-01-29T06:32:39","slug":"tollkoetter-fruchtprotz-2","status":"publish","type":"product","link":"https:\/\/www.tollkoetter.de\/shop\/produkt\/tollkoetter-fruchtprotz-2\/","title":{"rendered":"Tollk\u00f6tter Fruchtprotz\u00ae in der Dose"},"content":{"rendered":"","protected":false},"excerpt":{"rendered":"<p>Unser Tollk\u00f6tter Fruchtprotz\u00ae ist ein Roggenmischbrot in dem verschiedene Getreidesorten, Aprikosen, Pflaumen und Haseln\u00fcsse mit verarbeitet werden. Dieses Produkt ist vegan. F\u00fcr einen l\u00e4ngeren frischen Genuss bieten wir Ihnen den Fruchtprotz\u00ae in der Dose an. Das Brot wird direkt in der Dose gebacken und beh\u00e4lt in der Dose l\u00e4nger seinen frischen Geschmack.<\/p>\n<p>Gewicht: ca. 500g\u00a0(Grundpreis: 16,50 \u20ac je 1 kg)<\/p>\n","protected":false},"featured_media":606,"comment_status":"closed","ping_status":"closed","template":"","meta":[],"product_brand":[],"product_cat":[130,37,101],"product_tag":[],"class_list":{"0":"post-457","1":"product","2":"type-product","3":"status-publish","4":"has-post-thumbnail","6":"product_cat-dosenbrot","7":"product_cat-mehrkorn","8":"product_cat-roggenweizen-mischbrot","10":"first","11":"instock","12":"taxable","13":"shipping-taxable","14":"purchasable","15":"product-type-simple"},"_links":{"self":[{"href":"https:\/\/www.tollkoetter.de\/shop\/wp-json\/wp\/v2\/product\/457","targetHints":{"allow":["GET"]}}],"collection":[{"href":"https:\/\/www.tollkoetter.de\/shop\/wp-json\/wp\/v2\/product"}],"about":[{"href":"https:\/\/www.tollkoetter.de\/shop\/wp-json\/wp\/v2\/types\/product"}],"replies":[{"embeddable":true,"href":"https:\/\/www.tollkoetter.de\/shop\/wp-json\/wp\/v2\/comments?post=457"}],"wp:featuredmedia":[{"embeddable":true,"href":"https:\/\/www.tollkoetter.de\/shop\/wp-json\/wp\/v2\/media\/606"}],"wp:attachment":[{"href":"https:\/\/www.tollkoetter.de\/shop\/wp-json\/wp\/v2\/media?parent=457"}],"wp:term":[{"taxonomy":"product_brand","embeddable":true,"href":"https:\/\/www.tollkoetter.de\/shop\/wp-json\/wp\/v2\/product_brand?post=457"},{"taxonomy":"product_cat","embeddable":true,"href":"https:\/\/www.tollkoetter.de\/shop\/wp-json\/wp\/v2\/product_cat?post=457"},{"taxonomy":"product_tag","embeddable":true,"href":"https:\/\/www.tollkoetter.de\/shop\/wp-json\/wp\/v2\/product_tag?post=457"}],"curies":[{"name":"wp","href":"https:\/\/api.w.org\/{rel}","templated":true}]}}