{"id":179,"date":"2025-10-08T01:00:26","date_gmt":"2025-10-07T23:00:26","guid":{"rendered":"http:\/\/www.tollkoetter.de\/shop\/\/?post_type=product&#038;p=179"},"modified":"2026-01-29T07:13:31","modified_gmt":"2026-01-29T06:13:31","slug":"zimtsterne","status":"publish","type":"product","link":"https:\/\/www.tollkoetter.de\/shop\/produkt\/zimtsterne\/","title":{"rendered":"Zimtsterne"},"content":{"rendered":"","protected":false},"excerpt":{"rendered":"<p>Tollk\u00f6tters Zimtsterne. Unsere Zimtsterne sind mit Haseln\u00fcssen, Marzipan und mit Zimt verfeinert. Einfach wie eine Praline genie\u00dfen.<\/p>\n<p>Inhalt: ca. 200g\u00a0(Grundpreis: 48,40 \u20ac je 1 kg)<\/p>\n","protected":false},"featured_media":1128,"comment_status":"closed","ping_status":"closed","template":"","meta":[],"product_brand":[],"product_cat":[121],"product_tag":[67,68],"class_list":{"0":"post-179","1":"product","2":"type-product","3":"status-publish","4":"has-post-thumbnail","6":"product_cat-plaetzchen","7":"product_tag-weihnachtsgenuss","8":"product_tag-zimtsterne","10":"first","11":"outofstock","12":"taxable","13":"shipping-taxable","14":"purchasable","15":"product-type-simple"},"_links":{"self":[{"href":"https:\/\/www.tollkoetter.de\/shop\/wp-json\/wp\/v2\/product\/179","targetHints":{"allow":["GET"]}}],"collection":[{"href":"https:\/\/www.tollkoetter.de\/shop\/wp-json\/wp\/v2\/product"}],"about":[{"href":"https:\/\/www.tollkoetter.de\/shop\/wp-json\/wp\/v2\/types\/product"}],"replies":[{"embeddable":true,"href":"https:\/\/www.tollkoetter.de\/shop\/wp-json\/wp\/v2\/comments?post=179"}],"wp:featuredmedia":[{"embeddable":true,"href":"https:\/\/www.tollkoetter.de\/shop\/wp-json\/wp\/v2\/media\/1128"}],"wp:attachment":[{"href":"https:\/\/www.tollkoetter.de\/shop\/wp-json\/wp\/v2\/media?parent=179"}],"wp:term":[{"taxonomy":"product_brand","embeddable":true,"href":"https:\/\/www.tollkoetter.de\/shop\/wp-json\/wp\/v2\/product_brand?post=179"},{"taxonomy":"product_cat","embeddable":true,"href":"https:\/\/www.tollkoetter.de\/shop\/wp-json\/wp\/v2\/product_cat?post=179"},{"taxonomy":"product_tag","embeddable":true,"href":"https:\/\/www.tollkoetter.de\/shop\/wp-json\/wp\/v2\/product_tag?post=179"}],"curies":[{"name":"wp","href":"https:\/\/api.w.org\/{rel}","templated":true}]}}