{"id":175,"date":"2017-02-16T13:13:50","date_gmt":"2017-02-16T12:13:50","guid":{"rendered":"http:\/\/www.tollkoetter.de\/shop\/\/?post_type=product&#038;p=175"},"modified":"2026-01-29T07:27:11","modified_gmt":"2026-01-29T06:27:11","slug":"printen","status":"publish","type":"product","link":"https:\/\/www.tollkoetter.de\/shop\/produkt\/printen\/","title":{"rendered":"Tollk\u00f6tter Printe"},"content":{"rendered":"","protected":false},"excerpt":{"rendered":"<p>Von Januar bis August besteht die Tollk\u00f6tter Printe aus Orangen Printenteig.<\/p>\n<p>Von September bis Dezember besteht die Tollk\u00f6tter Printe aus unserem Original Tollk\u00f6tter Printenteig. Nur mit besten Zutaten und fein abgestimmten Gew\u00fcrzen. Ein himmlischer Genuss.<\/p>\n<p>Gewicht: ca. 200g (Grundpreis: 41,80 \u20ac je 1 kg)<\/p>\n","protected":false},"featured_media":180,"comment_status":"closed","ping_status":"closed","template":"","meta":[],"product_brand":[],"product_cat":[121],"product_tag":[69,67],"class_list":{"0":"post-175","1":"product","2":"type-product","3":"status-publish","4":"has-post-thumbnail","6":"product_cat-plaetzchen","7":"product_tag-printen","8":"product_tag-weihnachtsgenuss","10":"first","11":"instock","12":"taxable","13":"shipping-taxable","14":"purchasable","15":"product-type-simple"},"_links":{"self":[{"href":"https:\/\/www.tollkoetter.de\/shop\/wp-json\/wp\/v2\/product\/175","targetHints":{"allow":["GET"]}}],"collection":[{"href":"https:\/\/www.tollkoetter.de\/shop\/wp-json\/wp\/v2\/product"}],"about":[{"href":"https:\/\/www.tollkoetter.de\/shop\/wp-json\/wp\/v2\/types\/product"}],"replies":[{"embeddable":true,"href":"https:\/\/www.tollkoetter.de\/shop\/wp-json\/wp\/v2\/comments?post=175"}],"wp:featuredmedia":[{"embeddable":true,"href":"https:\/\/www.tollkoetter.de\/shop\/wp-json\/wp\/v2\/media\/180"}],"wp:attachment":[{"href":"https:\/\/www.tollkoetter.de\/shop\/wp-json\/wp\/v2\/media?parent=175"}],"wp:term":[{"taxonomy":"product_brand","embeddable":true,"href":"https:\/\/www.tollkoetter.de\/shop\/wp-json\/wp\/v2\/product_brand?post=175"},{"taxonomy":"product_cat","embeddable":true,"href":"https:\/\/www.tollkoetter.de\/shop\/wp-json\/wp\/v2\/product_cat?post=175"},{"taxonomy":"product_tag","embeddable":true,"href":"https:\/\/www.tollkoetter.de\/shop\/wp-json\/wp\/v2\/product_tag?post=175"}],"curies":[{"name":"wp","href":"https:\/\/api.w.org\/{rel}","templated":true}]}}