{"id":158,"date":"2017-02-15T11:44:48","date_gmt":"2017-02-15T10:44:48","guid":{"rendered":"http:\/\/www.tollkoetter.de\/shop\/\/?post_type=product&#038;p=158"},"modified":"2026-01-29T08:24:52","modified_gmt":"2026-01-29T07:24:52","slug":"tollkoetter-hausbrot-mit-kuemmel","status":"publish","type":"product","link":"https:\/\/www.tollkoetter.de\/shop\/produkt\/tollkoetter-hausbrot-mit-kuemmel\/","title":{"rendered":"Tollk\u00f6tter Hausbrot mit K\u00fcmmel"},"content":{"rendered":"","protected":false},"excerpt":{"rendered":"<p>Unser Tollk\u00f6tter Hausbrot\u00ae ist ein Sauerteigbrot bestehend aus einer Roggenmischung mit einer ca. 1 cm dicken herrlich schmeckenden, knackigen und kr\u00e4ftigen Kruste.<\/p>\n<p>Das Tollk\u00f6tter Hausbrot\u00ae besteht aus:<br \/>\nca. 70 % Roggenmehl,<br \/>\nca. 30 % Weizenmehl,<br \/>\nK\u00fcmmel, Natursauerteig, Hefe, Steinsalz<\/p>\n<p>Gewicht: ca. 3.500g (Grundpreis: 8,50 \u20ac je 1 kg)<\/p>\n","protected":false},"featured_media":249,"comment_status":"closed","ping_status":"closed","template":"","meta":[],"product_brand":[],"product_cat":[101],"product_tag":[52,46,43,42,54,39,41,51,40,50,44,45,53,49,77,38],"class_list":{"0":"post-158","1":"product","2":"type-product","3":"status-publish","4":"has-post-thumbnail","6":"product_cat-roggenweizen-mischbrot","7":"product_tag-abendbrot","8":"product_tag-baeckerei","9":"product_tag-brot","10":"product_tag-dunkles","11":"product_tag-hausbrot","12":"product_tag-knusprig","13":"product_tag-knusprige-kruste","14":"product_tag-kraeftig","15":"product_tag-kruste","16":"product_tag-mischung","17":"product_tag-muenster","18":"product_tag-muensterland","19":"product_tag-natursauerteig","20":"product_tag-roggen","21":"product_tag-tollkoetter-hausbrot","22":"product_tag-wagenrad","24":"first","25":"instock","26":"taxable","27":"shipping-taxable","28":"purchasable","29":"product-type-simple"},"_links":{"self":[{"href":"https:\/\/www.tollkoetter.de\/shop\/wp-json\/wp\/v2\/product\/158","targetHints":{"allow":["GET"]}}],"collection":[{"href":"https:\/\/www.tollkoetter.de\/shop\/wp-json\/wp\/v2\/product"}],"about":[{"href":"https:\/\/www.tollkoetter.de\/shop\/wp-json\/wp\/v2\/types\/product"}],"replies":[{"embeddable":true,"href":"https:\/\/www.tollkoetter.de\/shop\/wp-json\/wp\/v2\/comments?post=158"}],"wp:featuredmedia":[{"embeddable":true,"href":"https:\/\/www.tollkoetter.de\/shop\/wp-json\/wp\/v2\/media\/249"}],"wp:attachment":[{"href":"https:\/\/www.tollkoetter.de\/shop\/wp-json\/wp\/v2\/media?parent=158"}],"wp:term":[{"taxonomy":"product_brand","embeddable":true,"href":"https:\/\/www.tollkoetter.de\/shop\/wp-json\/wp\/v2\/product_brand?post=158"},{"taxonomy":"product_cat","embeddable":true,"href":"https:\/\/www.tollkoetter.de\/shop\/wp-json\/wp\/v2\/product_cat?post=158"},{"taxonomy":"product_tag","embeddable":true,"href":"https:\/\/www.tollkoetter.de\/shop\/wp-json\/wp\/v2\/product_tag?post=158"}],"curies":[{"name":"wp","href":"https:\/\/api.w.org\/{rel}","templated":true}]}}