{"id":144,"date":"2017-02-15T10:51:32","date_gmt":"2017-02-15T09:51:32","guid":{"rendered":"http:\/\/www.tollkoetter.de\/shop\/\/?post_type=product&#038;p=144"},"modified":"2026-01-29T07:40:57","modified_gmt":"2026-01-29T06:40:57","slug":"vollkornschwarzbrot","status":"publish","type":"product","link":"https:\/\/www.tollkoetter.de\/shop\/produkt\/vollkornschwarzbrot\/","title":{"rendered":"Vollkornschwarzbrot"},"content":{"rendered":"","protected":false},"excerpt":{"rendered":"<p>Unser veganes Tollk\u00f6tter Vollkornschwarzbrot ist ein Vollkornbrot zur Vollwertern\u00e4hrung bestehend aus 100 % Roggenvollkorn und ger\u00f6steten Sonnenblumenkernen.<\/p>\n<p>Das Tollk\u00f6tter Vollkornschwarzbrot besteht aus:<br \/>\n100 % Roggenvollkornmehl frisch vermahlen,<br \/>\nger\u00f6steten Sonnenblumenkernen,<br \/>\nNatursauerteig, Hefe, Steinsalz<\/p>\n<p>Gewicht: ca. 1.000g (Grundpreis: 7,37 \u20ac je 1 kg)<\/p>\n","protected":false},"featured_media":91,"comment_status":"closed","ping_status":"closed","template":"","meta":[],"product_brand":[],"product_cat":[101,12,6],"product_tag":[78],"class_list":{"0":"post-144","1":"product","2":"type-product","3":"status-publish","4":"has-post-thumbnail","6":"product_cat-roggenweizen-mischbrot","7":"product_cat-vegan","8":"product_cat-vollkorn","9":"product_tag-vollkornschwarzbrot","11":"first","12":"instock","13":"taxable","14":"shipping-taxable","15":"purchasable","16":"product-type-simple"},"_links":{"self":[{"href":"https:\/\/www.tollkoetter.de\/shop\/wp-json\/wp\/v2\/product\/144","targetHints":{"allow":["GET"]}}],"collection":[{"href":"https:\/\/www.tollkoetter.de\/shop\/wp-json\/wp\/v2\/product"}],"about":[{"href":"https:\/\/www.tollkoetter.de\/shop\/wp-json\/wp\/v2\/types\/product"}],"replies":[{"embeddable":true,"href":"https:\/\/www.tollkoetter.de\/shop\/wp-json\/wp\/v2\/comments?post=144"}],"wp:featuredmedia":[{"embeddable":true,"href":"https:\/\/www.tollkoetter.de\/shop\/wp-json\/wp\/v2\/media\/91"}],"wp:attachment":[{"href":"https:\/\/www.tollkoetter.de\/shop\/wp-json\/wp\/v2\/media?parent=144"}],"wp:term":[{"taxonomy":"product_brand","embeddable":true,"href":"https:\/\/www.tollkoetter.de\/shop\/wp-json\/wp\/v2\/product_brand?post=144"},{"taxonomy":"product_cat","embeddable":true,"href":"https:\/\/www.tollkoetter.de\/shop\/wp-json\/wp\/v2\/product_cat?post=144"},{"taxonomy":"product_tag","embeddable":true,"href":"https:\/\/www.tollkoetter.de\/shop\/wp-json\/wp\/v2\/product_tag?post=144"}],"curies":[{"name":"wp","href":"https:\/\/api.w.org\/{rel}","templated":true}]}}