{"id":143,"date":"2017-02-15T10:49:53","date_gmt":"2017-02-15T09:49:53","guid":{"rendered":"http:\/\/www.tollkoetter.de\/shop\/\/?post_type=product&#038;p=143"},"modified":"2026-01-29T08:26:55","modified_gmt":"2026-01-29T07:26:55","slug":"tollkoetter-viererbrot","status":"publish","type":"product","link":"https:\/\/www.tollkoetter.de\/shop\/produkt\/tollkoetter-viererbrot\/","title":{"rendered":"Tollk\u00f6tter Viererbrot"},"content":{"rendered":"","protected":false},"excerpt":{"rendered":"<p>Unser veganes Tollk\u00f6tter Viererbrot ist mit einem Vorteig, f\u00fcr den guten Geschmack gebacken und passt hervorragend zum Grillen.\u00a0Durch die lange Teigruhe entsteht die ausgezeichnete Porung.<\/p>\n<p>Das Tollk\u00f6tter Viererbrot besteht aus:<br \/>\n100 % Weizenmehl,<br \/>\nHefe, Steinsalz<\/p>\n<p>Gewicht: St\u00fcckpreis (Grundpreis: 11,00 \u20ac je 1 kg)<\/p>\n","protected":false},"featured_media":90,"comment_status":"closed","ping_status":"closed","template":"","meta":[],"product_brand":[],"product_cat":[12],"product_tag":[],"class_list":{"0":"post-143","1":"product","2":"type-product","3":"status-publish","4":"has-post-thumbnail","6":"product_cat-vegan","8":"first","9":"instock","10":"taxable","11":"shipping-taxable","12":"purchasable","13":"product-type-simple"},"_links":{"self":[{"href":"https:\/\/www.tollkoetter.de\/shop\/wp-json\/wp\/v2\/product\/143","targetHints":{"allow":["GET"]}}],"collection":[{"href":"https:\/\/www.tollkoetter.de\/shop\/wp-json\/wp\/v2\/product"}],"about":[{"href":"https:\/\/www.tollkoetter.de\/shop\/wp-json\/wp\/v2\/types\/product"}],"replies":[{"embeddable":true,"href":"https:\/\/www.tollkoetter.de\/shop\/wp-json\/wp\/v2\/comments?post=143"}],"wp:featuredmedia":[{"embeddable":true,"href":"https:\/\/www.tollkoetter.de\/shop\/wp-json\/wp\/v2\/media\/90"}],"wp:attachment":[{"href":"https:\/\/www.tollkoetter.de\/shop\/wp-json\/wp\/v2\/media?parent=143"}],"wp:term":[{"taxonomy":"product_brand","embeddable":true,"href":"https:\/\/www.tollkoetter.de\/shop\/wp-json\/wp\/v2\/product_brand?post=143"},{"taxonomy":"product_cat","embeddable":true,"href":"https:\/\/www.tollkoetter.de\/shop\/wp-json\/wp\/v2\/product_cat?post=143"},{"taxonomy":"product_tag","embeddable":true,"href":"https:\/\/www.tollkoetter.de\/shop\/wp-json\/wp\/v2\/product_tag?post=143"}],"curies":[{"name":"wp","href":"https:\/\/api.w.org\/{rel}","templated":true}]}}