{"id":140,"date":"2017-02-15T10:42:32","date_gmt":"2017-02-15T09:42:32","guid":{"rendered":"http:\/\/www.tollkoetter.de\/shop\/\/?post_type=product&#038;p=140"},"modified":"2026-01-29T07:42:17","modified_gmt":"2026-01-29T06:42:17","slug":"tollkoetter-korn","status":"publish","type":"product","link":"https:\/\/www.tollkoetter.de\/shop\/produkt\/tollkoetter-korn\/","title":{"rendered":"Tollk\u00f6tter Korn"},"content":{"rendered":"","protected":false},"excerpt":{"rendered":"<p>Unser Tollk\u00f6tter Korn ist ein veganes Vollkornbrot zur Vollwertern\u00e4hrung mit ganzen Roggenk\u00f6rnern, Weizenk\u00f6rnern, Gerste, Leinsamen und ger\u00f6steten Sonnenblumenkernen.<\/p>\n<p>Tollk\u00f6tter Korn besteht aus:<br \/>\nca. 70 % Roggenschrot,<br \/>\nca. 10% Roggenk\u00f6rner,<br \/>\nca. 10 % Gerste,<br \/>\nca. 10 % Weizenk\u00f6rner,<br \/>\nSonnenblumenkerne, Leinsamen, Honig, Natursauerteig, Hefe, Steinsalz<\/p>\n<p>Gewicht: ca. 500g (Grundpreis: 10,34 \u20ac je 1 kg)<\/p>\n","protected":false},"featured_media":84,"comment_status":"closed","ping_status":"closed","template":"","meta":[],"product_brand":[],"product_cat":[37,101,12,6],"product_tag":[80],"class_list":{"0":"post-140","1":"product","2":"type-product","3":"status-publish","4":"has-post-thumbnail","6":"product_cat-mehrkorn","7":"product_cat-roggenweizen-mischbrot","8":"product_cat-vegan","9":"product_cat-vollkorn","10":"product_tag-vollkornbrot","12":"first","13":"instock","14":"taxable","15":"shipping-taxable","16":"purchasable","17":"product-type-simple"},"_links":{"self":[{"href":"https:\/\/www.tollkoetter.de\/shop\/wp-json\/wp\/v2\/product\/140","targetHints":{"allow":["GET"]}}],"collection":[{"href":"https:\/\/www.tollkoetter.de\/shop\/wp-json\/wp\/v2\/product"}],"about":[{"href":"https:\/\/www.tollkoetter.de\/shop\/wp-json\/wp\/v2\/types\/product"}],"replies":[{"embeddable":true,"href":"https:\/\/www.tollkoetter.de\/shop\/wp-json\/wp\/v2\/comments?post=140"}],"wp:featuredmedia":[{"embeddable":true,"href":"https:\/\/www.tollkoetter.de\/shop\/wp-json\/wp\/v2\/media\/84"}],"wp:attachment":[{"href":"https:\/\/www.tollkoetter.de\/shop\/wp-json\/wp\/v2\/media?parent=140"}],"wp:term":[{"taxonomy":"product_brand","embeddable":true,"href":"https:\/\/www.tollkoetter.de\/shop\/wp-json\/wp\/v2\/product_brand?post=140"},{"taxonomy":"product_cat","embeddable":true,"href":"https:\/\/www.tollkoetter.de\/shop\/wp-json\/wp\/v2\/product_cat?post=140"},{"taxonomy":"product_tag","embeddable":true,"href":"https:\/\/www.tollkoetter.de\/shop\/wp-json\/wp\/v2\/product_tag?post=140"}],"curies":[{"name":"wp","href":"https:\/\/api.w.org\/{rel}","templated":true}]}}