{"id":137,"date":"2017-02-15T10:37:50","date_gmt":"2017-02-15T09:37:50","guid":{"rendered":"http:\/\/www.tollkoetter.de\/shop\/\/?post_type=product&#038;p=137"},"modified":"2026-01-29T07:43:19","modified_gmt":"2026-01-29T06:43:19","slug":"saftkorntoepfchen","status":"publish","type":"product","link":"https:\/\/www.tollkoetter.de\/shop\/produkt\/saftkorntoepfchen\/","title":{"rendered":"Saftkornt\u00f6pfchen"},"content":{"rendered":"","protected":false},"excerpt":{"rendered":"<p>Unser veganes Tollk\u00f6tter Saftkornt\u00f6pfchen ist ein saftig schmeckenes Roggenmischbrot mit Leinsamen, Sesam, Sonnenblumenk\u00f6rnern und wird mit Natursauerteig verfeinert. Schmeckt ausgezeichnet mit Dip&#8217;s und Aufstrichen.<\/p>\n<p>Das Tollk\u00f6tter Saftkornt\u00f6pfchen besteht aus:<br \/>\nca. 90 % Roggenschrot,<br \/>\nca. 10 % Weizenmehl,<br \/>\nLeinsamen, Sesam, Sonnenblumenk\u00f6rner,<br \/>\nNatursauerteig, Hefe, Steinsalz<\/p>\n<p>Gewicht: ca. 500g\u00a0(Grundpreis: 9,24 \u20ac je 1 kg)<\/p>\n","protected":false},"featured_media":79,"comment_status":"open","ping_status":"closed","template":"","meta":[],"product_brand":[],"product_cat":[37,101],"product_tag":[],"class_list":{"0":"post-137","1":"product","2":"type-product","3":"status-publish","4":"has-post-thumbnail","6":"product_cat-mehrkorn","7":"product_cat-roggenweizen-mischbrot","9":"first","10":"instock","11":"taxable","12":"shipping-taxable","13":"purchasable","14":"product-type-simple"},"_links":{"self":[{"href":"https:\/\/www.tollkoetter.de\/shop\/wp-json\/wp\/v2\/product\/137","targetHints":{"allow":["GET"]}}],"collection":[{"href":"https:\/\/www.tollkoetter.de\/shop\/wp-json\/wp\/v2\/product"}],"about":[{"href":"https:\/\/www.tollkoetter.de\/shop\/wp-json\/wp\/v2\/types\/product"}],"replies":[{"embeddable":true,"href":"https:\/\/www.tollkoetter.de\/shop\/wp-json\/wp\/v2\/comments?post=137"}],"wp:featuredmedia":[{"embeddable":true,"href":"https:\/\/www.tollkoetter.de\/shop\/wp-json\/wp\/v2\/media\/79"}],"wp:attachment":[{"href":"https:\/\/www.tollkoetter.de\/shop\/wp-json\/wp\/v2\/media?parent=137"}],"wp:term":[{"taxonomy":"product_brand","embeddable":true,"href":"https:\/\/www.tollkoetter.de\/shop\/wp-json\/wp\/v2\/product_brand?post=137"},{"taxonomy":"product_cat","embeddable":true,"href":"https:\/\/www.tollkoetter.de\/shop\/wp-json\/wp\/v2\/product_cat?post=137"},{"taxonomy":"product_tag","embeddable":true,"href":"https:\/\/www.tollkoetter.de\/shop\/wp-json\/wp\/v2\/product_tag?post=137"}],"curies":[{"name":"wp","href":"https:\/\/api.w.org\/{rel}","templated":true}]}}