{"id":124,"date":"2017-02-15T10:00:22","date_gmt":"2017-02-15T09:00:22","guid":{"rendered":"http:\/\/www.tollkoetter.de\/shop\/\/?post_type=product&#038;p=124"},"modified":"2026-01-29T07:46:12","modified_gmt":"2026-01-29T06:46:12","slug":"mandelmoehrendinkelbrot","status":"publish","type":"product","link":"https:\/\/www.tollkoetter.de\/shop\/produkt\/mandelmoehrendinkelbrot\/","title":{"rendered":"Mandelm\u00f6hrendinkelbrot"},"content":{"rendered":"","protected":false},"excerpt":{"rendered":"<p>Unser veganes Tollk\u00f6tter Mandelm\u00f6hrendinkelbrot ist ein Dinkelbrot in dem M\u00f6hren, Mandeln und frischer Dinkel verarbeitet werden. Der Dinkel wird auf Hof Horstmann in Glandorf angebaut und vor Ort frisch vermahlen.<br \/>\nAuch getoastet ein herrlicher Geschmack. Der Dinkel ist die Urform des Weizens und stellt eines der \u00e4ltesten Brotgetreidesorten dar. Die moderne Ern\u00e4hrungslehre best\u00e4tigt, dass Dinkel ern\u00e4hrungsphysiologisch und gesundheitlich h\u00f6chsten Anforderungen gen\u00fcgt.<\/p>\n<p>Das Tollk\u00f6tter Mandelm\u00f6hrendinkelbrot besteht aus:<br \/>\n100 % Dinkelmehl frisch vermahlen,<br \/>\nfrischen M\u00f6hren, ganze Mandeln,<br \/>\nNatursauerteig, Hefe, Steinsalz<\/p>\n<p>Gewicht: ca. 500g\u00a0(Grundpreis: 13,20 \u20ac je 1 kg)<\/p>\n","protected":false},"featured_media":67,"comment_status":"closed","ping_status":"closed","template":"","meta":[],"product_brand":[],"product_cat":[9,12],"product_tag":[88],"class_list":{"0":"post-124","1":"product","2":"type-product","3":"status-publish","4":"has-post-thumbnail","6":"product_cat-dinkel","7":"product_cat-vegan","8":"product_tag-dinkel","10":"first","11":"instock","12":"taxable","13":"shipping-taxable","14":"purchasable","15":"product-type-simple"},"_links":{"self":[{"href":"https:\/\/www.tollkoetter.de\/shop\/wp-json\/wp\/v2\/product\/124","targetHints":{"allow":["GET"]}}],"collection":[{"href":"https:\/\/www.tollkoetter.de\/shop\/wp-json\/wp\/v2\/product"}],"about":[{"href":"https:\/\/www.tollkoetter.de\/shop\/wp-json\/wp\/v2\/types\/product"}],"replies":[{"embeddable":true,"href":"https:\/\/www.tollkoetter.de\/shop\/wp-json\/wp\/v2\/comments?post=124"}],"wp:featuredmedia":[{"embeddable":true,"href":"https:\/\/www.tollkoetter.de\/shop\/wp-json\/wp\/v2\/media\/67"}],"wp:attachment":[{"href":"https:\/\/www.tollkoetter.de\/shop\/wp-json\/wp\/v2\/media?parent=124"}],"wp:term":[{"taxonomy":"product_brand","embeddable":true,"href":"https:\/\/www.tollkoetter.de\/shop\/wp-json\/wp\/v2\/product_brand?post=124"},{"taxonomy":"product_cat","embeddable":true,"href":"https:\/\/www.tollkoetter.de\/shop\/wp-json\/wp\/v2\/product_cat?post=124"},{"taxonomy":"product_tag","embeddable":true,"href":"https:\/\/www.tollkoetter.de\/shop\/wp-json\/wp\/v2\/product_tag?post=124"}],"curies":[{"name":"wp","href":"https:\/\/api.w.org\/{rel}","templated":true}]}}