{"id":121,"date":"2017-02-15T09:54:58","date_gmt":"2017-02-15T08:54:58","guid":{"rendered":"http:\/\/www.tollkoetter.de\/shop\/\/?post_type=product&#038;p=121"},"modified":"2022-11-09T09:41:08","modified_gmt":"2022-11-09T08:41:08","slug":"krustenbrot","status":"publish","type":"product","link":"https:\/\/www.tollkoetter.de\/shop\/produkt\/krustenbrot\/","title":{"rendered":"Krustenbrot"},"content":{"rendered":"","protected":false},"excerpt":{"rendered":"<p>Unser veganes Tollk\u00f6tter Krustenbrot besteht aus einer Weizen-Roggenmischung, schmeckt sowohl zu herzhaftem wie auch zu s\u00fc\u00dfem.<\/p>\n<p>Das Tollk\u00f6tter Kustenbrot besteht aus:<br \/>\nca. 90 % Weizenmehl,<br \/>\nca. 10 % Roggenmehl,<br \/>\nNatursauerteig, Hefe, Steinsalz<\/p>\n<p>Gewicht: ca. 500g\u00a0(Grundpreis: 8,70 \u20ac je 1 kg)<\/p>\n","protected":false},"featured_media":63,"comment_status":"closed","ping_status":"closed","template":"","meta":[],"product_brand":[],"product_cat":[101],"product_tag":[],"class_list":{"0":"post-121","1":"product","2":"type-product","3":"status-publish","4":"has-post-thumbnail","6":"product_cat-roggenweizen-mischbrot","8":"first","9":"instock","10":"taxable","11":"shipping-taxable","12":"purchasable","13":"product-type-simple"},"_links":{"self":[{"href":"https:\/\/www.tollkoetter.de\/shop\/wp-json\/wp\/v2\/product\/121","targetHints":{"allow":["GET"]}}],"collection":[{"href":"https:\/\/www.tollkoetter.de\/shop\/wp-json\/wp\/v2\/product"}],"about":[{"href":"https:\/\/www.tollkoetter.de\/shop\/wp-json\/wp\/v2\/types\/product"}],"replies":[{"embeddable":true,"href":"https:\/\/www.tollkoetter.de\/shop\/wp-json\/wp\/v2\/comments?post=121"}],"wp:featuredmedia":[{"embeddable":true,"href":"https:\/\/www.tollkoetter.de\/shop\/wp-json\/wp\/v2\/media\/63"}],"wp:attachment":[{"href":"https:\/\/www.tollkoetter.de\/shop\/wp-json\/wp\/v2\/media?parent=121"}],"wp:term":[{"taxonomy":"product_brand","embeddable":true,"href":"https:\/\/www.tollkoetter.de\/shop\/wp-json\/wp\/v2\/product_brand?post=121"},{"taxonomy":"product_cat","embeddable":true,"href":"https:\/\/www.tollkoetter.de\/shop\/wp-json\/wp\/v2\/product_cat?post=121"},{"taxonomy":"product_tag","embeddable":true,"href":"https:\/\/www.tollkoetter.de\/shop\/wp-json\/wp\/v2\/product_tag?post=121"}],"curies":[{"name":"wp","href":"https:\/\/api.w.org\/{rel}","templated":true}]}}