{"id":115,"date":"2017-02-14T17:49:30","date_gmt":"2017-02-14T16:49:30","guid":{"rendered":"http:\/\/www.tollkoetter.de\/shop\/\/?post_type=product&#038;p=115"},"modified":"2023-09-01T11:36:28","modified_gmt":"2023-09-01T09:36:28","slug":"kasseler","status":"publish","type":"product","link":"https:\/\/www.tollkoetter.de\/shop\/produkt\/kasseler\/","title":{"rendered":"Kassler"},"content":{"rendered":"","protected":false},"excerpt":{"rendered":"<p>Unser veganes Tollk\u00f6tter Kassler bestehend aus einer Weizen-Roggenmischung, schmeckt sowohl zu herzhaftem wie auch zu s\u00fc\u00dfem.<\/p>\n<p>Das Tollk\u00f6tter Kassler besteht aus:<br \/>\nca. 60 % Weizenmehl,<br \/>\nca. 40 % Roggenmehl,<br \/>\nNatursauerteig, Hefe, Steinsalz<\/p>\n<p>Gewicht: 1000g (Grundpreis: 5,17 \u20ac je 1 kg)<\/p>\n","protected":false},"featured_media":57,"comment_status":"closed","ping_status":"closed","template":"","meta":[],"product_brand":[],"product_cat":[12],"product_tag":[],"class_list":{"0":"post-115","1":"product","2":"type-product","3":"status-publish","4":"has-post-thumbnail","6":"product_cat-vegan","8":"first","9":"instock","10":"taxable","11":"shipping-taxable","12":"purchasable","13":"product-type-simple"},"_links":{"self":[{"href":"https:\/\/www.tollkoetter.de\/shop\/wp-json\/wp\/v2\/product\/115","targetHints":{"allow":["GET"]}}],"collection":[{"href":"https:\/\/www.tollkoetter.de\/shop\/wp-json\/wp\/v2\/product"}],"about":[{"href":"https:\/\/www.tollkoetter.de\/shop\/wp-json\/wp\/v2\/types\/product"}],"replies":[{"embeddable":true,"href":"https:\/\/www.tollkoetter.de\/shop\/wp-json\/wp\/v2\/comments?post=115"}],"wp:featuredmedia":[{"embeddable":true,"href":"https:\/\/www.tollkoetter.de\/shop\/wp-json\/wp\/v2\/media\/57"}],"wp:attachment":[{"href":"https:\/\/www.tollkoetter.de\/shop\/wp-json\/wp\/v2\/media?parent=115"}],"wp:term":[{"taxonomy":"product_brand","embeddable":true,"href":"https:\/\/www.tollkoetter.de\/shop\/wp-json\/wp\/v2\/product_brand?post=115"},{"taxonomy":"product_cat","embeddable":true,"href":"https:\/\/www.tollkoetter.de\/shop\/wp-json\/wp\/v2\/product_cat?post=115"},{"taxonomy":"product_tag","embeddable":true,"href":"https:\/\/www.tollkoetter.de\/shop\/wp-json\/wp\/v2\/product_tag?post=115"}],"curies":[{"name":"wp","href":"https:\/\/api.w.org\/{rel}","templated":true}]}}