{"id":114,"date":"2017-02-14T17:44:13","date_gmt":"2017-02-14T16:44:13","guid":{"rendered":"http:\/\/www.tollkoetter.de\/shop\/\/?post_type=product&#038;p=114"},"modified":"2023-09-01T11:35:35","modified_gmt":"2023-09-01T09:35:35","slug":"gewuerzbrot","status":"publish","type":"product","link":"https:\/\/www.tollkoetter.de\/shop\/produkt\/gewuerzbrot\/","title":{"rendered":"Gew\u00fcrzbrot"},"content":{"rendered":"","protected":false},"excerpt":{"rendered":"<p>Unser Tollk\u00f6tter Gew\u00fcrzbrot ist ein veganes Weizenmischbrot dem Koriander, R\u00f6stzwiebeln, K\u00fcmmel, Honig und Petersilie einen einzigartigen Geschmack garantieren.<\/p>\n<p>Das Tollk\u00f6tter Gew\u00fcrzbrot besteht aus:<br \/>\nca. 60 % Weizenmehl,<br \/>\nca. 40 % Weizenschrot,<br \/>\nK\u00fcmmel, Koriander, R\u00f6stzwiebeln, Oliven\u00f6l, Honig,<br \/>\nNatursauerteig, Hefe, Steinsalz<\/p>\n<p>Gewicht: ca. 1.000g (Grundpreis: 8,80 \u20ac je 1 kg)<\/p>\n","protected":false},"featured_media":54,"comment_status":"closed","ping_status":"closed","template":"","meta":[],"product_brand":[],"product_cat":[101],"product_tag":[89],"class_list":{"0":"post-114","1":"product","2":"type-product","3":"status-publish","4":"has-post-thumbnail","6":"product_cat-roggenweizen-mischbrot","7":"product_tag-weizenmischbrot-mit-koriander","9":"first","10":"instock","11":"taxable","12":"shipping-taxable","13":"purchasable","14":"product-type-simple"},"_links":{"self":[{"href":"https:\/\/www.tollkoetter.de\/shop\/wp-json\/wp\/v2\/product\/114","targetHints":{"allow":["GET"]}}],"collection":[{"href":"https:\/\/www.tollkoetter.de\/shop\/wp-json\/wp\/v2\/product"}],"about":[{"href":"https:\/\/www.tollkoetter.de\/shop\/wp-json\/wp\/v2\/types\/product"}],"replies":[{"embeddable":true,"href":"https:\/\/www.tollkoetter.de\/shop\/wp-json\/wp\/v2\/comments?post=114"}],"wp:featuredmedia":[{"embeddable":true,"href":"https:\/\/www.tollkoetter.de\/shop\/wp-json\/wp\/v2\/media\/54"}],"wp:attachment":[{"href":"https:\/\/www.tollkoetter.de\/shop\/wp-json\/wp\/v2\/media?parent=114"}],"wp:term":[{"taxonomy":"product_brand","embeddable":true,"href":"https:\/\/www.tollkoetter.de\/shop\/wp-json\/wp\/v2\/product_brand?post=114"},{"taxonomy":"product_cat","embeddable":true,"href":"https:\/\/www.tollkoetter.de\/shop\/wp-json\/wp\/v2\/product_cat?post=114"},{"taxonomy":"product_tag","embeddable":true,"href":"https:\/\/www.tollkoetter.de\/shop\/wp-json\/wp\/v2\/product_tag?post=114"}],"curies":[{"name":"wp","href":"https:\/\/api.w.org\/{rel}","templated":true}]}}