{"id":1138,"date":"2018-11-28T13:20:11","date_gmt":"2018-11-28T12:20:11","guid":{"rendered":"http:\/\/www.tollkoetter.de\/shop\/?post_type=product&#038;p=1138"},"modified":"2026-03-02T17:59:43","modified_gmt":"2026-03-02T16:59:43","slug":"schokoladenplaetzchen-mit-haselnuessen","status":"publish","type":"product","link":"https:\/\/www.tollkoetter.de\/shop\/produkt\/schokoladenplaetzchen-mit-haselnuessen\/","title":{"rendered":"Schokoladenpl\u00e4tzchen mit Haseln\u00fcssen"},"content":{"rendered":"","protected":false},"excerpt":{"rendered":"<p>Die Tollk\u00f6tter Schokoladenpl\u00e4tzchen mit Haseln\u00fcssen bestehen aus Weizenmehl, Butter, Zucker, Ei, Haseln\u00fcssen, Kakao, Backpulver und Salz.<\/p>\n<p>Gewicht ca. 210 g (Grundpreis: 36,30 \u20ac je 1 kg), wird im Beutel\/T\u00fcte geliefert.<\/p>\n","protected":false},"featured_media":7310,"comment_status":"closed","ping_status":"closed","template":"","meta":[],"product_brand":[],"product_cat":[121],"product_tag":[123,124,142,67,116],"class_list":{"0":"post-1138","1":"product","2":"type-product","3":"status-publish","4":"has-post-thumbnail","6":"product_cat-plaetzchen","7":"product_tag-gebaeck","8":"product_tag-plaetzchen","9":"product_tag-schokolade","10":"product_tag-weihnachtsgenuss","11":"product_tag-weihnachtszeit","13":"first","14":"instock","15":"taxable","16":"shipping-taxable","17":"purchasable","18":"product-type-simple"},"_links":{"self":[{"href":"https:\/\/www.tollkoetter.de\/shop\/wp-json\/wp\/v2\/product\/1138","targetHints":{"allow":["GET"]}}],"collection":[{"href":"https:\/\/www.tollkoetter.de\/shop\/wp-json\/wp\/v2\/product"}],"about":[{"href":"https:\/\/www.tollkoetter.de\/shop\/wp-json\/wp\/v2\/types\/product"}],"replies":[{"embeddable":true,"href":"https:\/\/www.tollkoetter.de\/shop\/wp-json\/wp\/v2\/comments?post=1138"}],"wp:featuredmedia":[{"embeddable":true,"href":"https:\/\/www.tollkoetter.de\/shop\/wp-json\/wp\/v2\/media\/7310"}],"wp:attachment":[{"href":"https:\/\/www.tollkoetter.de\/shop\/wp-json\/wp\/v2\/media?parent=1138"}],"wp:term":[{"taxonomy":"product_brand","embeddable":true,"href":"https:\/\/www.tollkoetter.de\/shop\/wp-json\/wp\/v2\/product_brand?post=1138"},{"taxonomy":"product_cat","embeddable":true,"href":"https:\/\/www.tollkoetter.de\/shop\/wp-json\/wp\/v2\/product_cat?post=1138"},{"taxonomy":"product_tag","embeddable":true,"href":"https:\/\/www.tollkoetter.de\/shop\/wp-json\/wp\/v2\/product_tag?post=1138"}],"curies":[{"name":"wp","href":"https:\/\/api.w.org\/{rel}","templated":true}]}}