{"id":1136,"date":"2018-11-28T13:13:26","date_gmt":"2018-11-28T12:13:26","guid":{"rendered":"http:\/\/www.tollkoetter.de\/shop\/?post_type=product&#038;p=1136"},"modified":"2026-02-03T08:20:24","modified_gmt":"2026-02-03T07:20:24","slug":"schwarz-weiss-gebaeck","status":"publish","type":"product","link":"https:\/\/www.tollkoetter.de\/shop\/produkt\/schwarz-weiss-gebaeck\/","title":{"rendered":"Schwarz\/Wei\u00df Geb\u00e4ck"},"content":{"rendered":"","protected":false},"excerpt":{"rendered":"<p>Das Tollk\u00f6tter Schwarz\/Wei\u00df Geb\u00e4ck besteht aus Weizenmehl, Butter, Zucker, Ei, Kakao, Salz und Vanille.<\/p>\n<p>Gewicht ca. 215 g, wird im Beutel\/T\u00fcte geliefert.<\/p>\n","protected":false},"featured_media":0,"comment_status":"closed","ping_status":"closed","template":"","meta":[],"product_brand":[],"product_cat":[121],"product_tag":[170,123,124],"class_list":{"0":"post-1136","1":"product","2":"type-product","3":"status-publish","5":"product_cat-plaetzchen","6":"product_tag-butter","7":"product_tag-gebaeck","8":"product_tag-plaetzchen","10":"first","11":"instock","12":"taxable","13":"shipping-taxable","14":"purchasable","15":"product-type-simple"},"_links":{"self":[{"href":"https:\/\/www.tollkoetter.de\/shop\/wp-json\/wp\/v2\/product\/1136","targetHints":{"allow":["GET"]}}],"collection":[{"href":"https:\/\/www.tollkoetter.de\/shop\/wp-json\/wp\/v2\/product"}],"about":[{"href":"https:\/\/www.tollkoetter.de\/shop\/wp-json\/wp\/v2\/types\/product"}],"replies":[{"embeddable":true,"href":"https:\/\/www.tollkoetter.de\/shop\/wp-json\/wp\/v2\/comments?post=1136"}],"wp:attachment":[{"href":"https:\/\/www.tollkoetter.de\/shop\/wp-json\/wp\/v2\/media?parent=1136"}],"wp:term":[{"taxonomy":"product_brand","embeddable":true,"href":"https:\/\/www.tollkoetter.de\/shop\/wp-json\/wp\/v2\/product_brand?post=1136"},{"taxonomy":"product_cat","embeddable":true,"href":"https:\/\/www.tollkoetter.de\/shop\/wp-json\/wp\/v2\/product_cat?post=1136"},{"taxonomy":"product_tag","embeddable":true,"href":"https:\/\/www.tollkoetter.de\/shop\/wp-json\/wp\/v2\/product_tag?post=1136"}],"curies":[{"name":"wp","href":"https:\/\/api.w.org\/{rel}","templated":true}]}}