{"id":1134,"date":"2018-11-28T13:06:45","date_gmt":"2018-11-28T12:06:45","guid":{"rendered":"http:\/\/www.tollkoetter.de\/shop\/?post_type=product&#038;p=1134"},"modified":"2026-02-03T08:13:43","modified_gmt":"2026-02-03T07:13:43","slug":"butter-gewuerz-spekulatius","status":"publish","type":"product","link":"https:\/\/www.tollkoetter.de\/shop\/produkt\/butter-gewuerz-spekulatius\/","title":{"rendered":"Butter Gew\u00fcrz Spekulatius"},"content":{"rendered":"","protected":false},"excerpt":{"rendered":"<p>Die Tollk\u00f6tter Butter Gew\u00fcrz Spekulatius bestehen aus Weizenmehl, Butter, Zucker, Eiern, Milch, ABC Trieb und Gew\u00fcrzen.<\/p>\n<p>Gewicht ca. 250 g (Grundpreis: 36,30 \u20ac je 1 kg)<\/p>\n","protected":false},"featured_media":1135,"comment_status":"closed","ping_status":"closed","template":"","meta":[],"product_brand":[],"product_cat":[121],"product_tag":[123,124,67,116],"class_list":{"0":"post-1134","1":"product","2":"type-product","3":"status-publish","4":"has-post-thumbnail","6":"product_cat-plaetzchen","7":"product_tag-gebaeck","8":"product_tag-plaetzchen","9":"product_tag-weihnachtsgenuss","10":"product_tag-weihnachtszeit","12":"first","13":"outofstock","14":"taxable","15":"shipping-taxable","16":"purchasable","17":"product-type-simple"},"_links":{"self":[{"href":"https:\/\/www.tollkoetter.de\/shop\/wp-json\/wp\/v2\/product\/1134","targetHints":{"allow":["GET"]}}],"collection":[{"href":"https:\/\/www.tollkoetter.de\/shop\/wp-json\/wp\/v2\/product"}],"about":[{"href":"https:\/\/www.tollkoetter.de\/shop\/wp-json\/wp\/v2\/types\/product"}],"replies":[{"embeddable":true,"href":"https:\/\/www.tollkoetter.de\/shop\/wp-json\/wp\/v2\/comments?post=1134"}],"wp:featuredmedia":[{"embeddable":true,"href":"https:\/\/www.tollkoetter.de\/shop\/wp-json\/wp\/v2\/media\/1135"}],"wp:attachment":[{"href":"https:\/\/www.tollkoetter.de\/shop\/wp-json\/wp\/v2\/media?parent=1134"}],"wp:term":[{"taxonomy":"product_brand","embeddable":true,"href":"https:\/\/www.tollkoetter.de\/shop\/wp-json\/wp\/v2\/product_brand?post=1134"},{"taxonomy":"product_cat","embeddable":true,"href":"https:\/\/www.tollkoetter.de\/shop\/wp-json\/wp\/v2\/product_cat?post=1134"},{"taxonomy":"product_tag","embeddable":true,"href":"https:\/\/www.tollkoetter.de\/shop\/wp-json\/wp\/v2\/product_tag?post=1134"}],"curies":[{"name":"wp","href":"https:\/\/api.w.org\/{rel}","templated":true}]}}