{"id":1115,"date":"2018-11-28T11:34:33","date_gmt":"2018-11-28T10:34:33","guid":{"rendered":"http:\/\/www.tollkoetter.de\/shop\/?post_type=product&#038;p=1115"},"modified":"2026-02-03T08:14:11","modified_gmt":"2026-02-03T07:14:11","slug":"spritzgebaeck","status":"publish","type":"product","link":"https:\/\/www.tollkoetter.de\/shop\/produkt\/spritzgebaeck\/","title":{"rendered":"Spritzgeb\u00e4ck"},"content":{"rendered":"","protected":false},"excerpt":{"rendered":"<p>Das Tollk\u00f6tter Spritzgeb\u00e4ck besteht aus Weizenmehl, Butter, Zucker, Ei, Vanille, Zitrone und Salz.<\/p>\n<p>Gewicht ca. 250 g (Grundpreis: 36,30 \u20ac je 1 kg), wird im Beutel\/T\u00fcte geliefert.<\/p>\n","protected":false},"featured_media":1116,"comment_status":"closed","ping_status":"closed","template":"","meta":[],"product_brand":[],"product_cat":[121],"product_tag":[123,124,122,67,116],"class_list":{"0":"post-1115","1":"product","2":"type-product","3":"status-publish","4":"has-post-thumbnail","6":"product_cat-plaetzchen","7":"product_tag-gebaeck","8":"product_tag-plaetzchen","9":"product_tag-spritzgebaeck","10":"product_tag-weihnachtsgenuss","11":"product_tag-weihnachtszeit","13":"first","14":"instock","15":"taxable","16":"shipping-taxable","17":"purchasable","18":"product-type-simple"},"_links":{"self":[{"href":"https:\/\/www.tollkoetter.de\/shop\/wp-json\/wp\/v2\/product\/1115","targetHints":{"allow":["GET"]}}],"collection":[{"href":"https:\/\/www.tollkoetter.de\/shop\/wp-json\/wp\/v2\/product"}],"about":[{"href":"https:\/\/www.tollkoetter.de\/shop\/wp-json\/wp\/v2\/types\/product"}],"replies":[{"embeddable":true,"href":"https:\/\/www.tollkoetter.de\/shop\/wp-json\/wp\/v2\/comments?post=1115"}],"wp:featuredmedia":[{"embeddable":true,"href":"https:\/\/www.tollkoetter.de\/shop\/wp-json\/wp\/v2\/media\/1116"}],"wp:attachment":[{"href":"https:\/\/www.tollkoetter.de\/shop\/wp-json\/wp\/v2\/media?parent=1115"}],"wp:term":[{"taxonomy":"product_brand","embeddable":true,"href":"https:\/\/www.tollkoetter.de\/shop\/wp-json\/wp\/v2\/product_brand?post=1115"},{"taxonomy":"product_cat","embeddable":true,"href":"https:\/\/www.tollkoetter.de\/shop\/wp-json\/wp\/v2\/product_cat?post=1115"},{"taxonomy":"product_tag","embeddable":true,"href":"https:\/\/www.tollkoetter.de\/shop\/wp-json\/wp\/v2\/product_tag?post=1115"}],"curies":[{"name":"wp","href":"https:\/\/api.w.org\/{rel}","templated":true}]}}