{"id":108,"date":"2017-02-14T17:27:59","date_gmt":"2017-02-14T16:27:59","guid":{"rendered":"http:\/\/www.tollkoetter.de\/shop\/\/?post_type=product&#038;p=108"},"modified":"2026-01-29T07:47:17","modified_gmt":"2026-01-29T06:47:17","slug":"dinkelkernbrot","status":"publish","type":"product","link":"https:\/\/www.tollkoetter.de\/shop\/produkt\/dinkelkernbrot\/","title":{"rendered":"Dinkelkernbrot"},"content":{"rendered":"","protected":false},"excerpt":{"rendered":"<p>Unser Tollk\u00f6tter Dinkelkernbrot ist ein veganes Vollkornbrot zur Vollwertern\u00e4hrung in dem frischer Dinkel vom Bauerhof Horstmann in Glandorf verarbeitet wird.<br \/>\nDer Dinkel ist die Urform des Weizens und stellt eines der \u00e4ltesten Brotgetreidesorten dar. Die moderne Ern\u00e4hrungslehre best\u00e4tigt, dass Dinkel ern\u00e4hrungsphysiologisch und gesundheitlich h\u00f6chsten Anforderungen gen\u00fcgt.<\/p>\n<p>Das Tollk\u00f6tter Dinkelkernbrot besteht aus:<br \/>\n100 % Dinkelmehl frisch vermahlen,<br \/>\nSonnenblumenkerne,<br \/>\nNatursauerteig, Hefe, Steinsalz<\/p>\n<p>Gewicht: ca. 1.000g (Grundpreis: 7,37 \u20ac je 1 kg)<\/p>\n","protected":false},"featured_media":45,"comment_status":"closed","ping_status":"closed","template":"","meta":[],"product_brand":[],"product_cat":[9,12,6],"product_tag":[88,80],"class_list":{"0":"post-108","1":"product","2":"type-product","3":"status-publish","4":"has-post-thumbnail","6":"product_cat-dinkel","7":"product_cat-vegan","8":"product_cat-vollkorn","9":"product_tag-dinkel","10":"product_tag-vollkornbrot","12":"first","13":"instock","14":"taxable","15":"shipping-taxable","16":"purchasable","17":"product-type-simple"},"_links":{"self":[{"href":"https:\/\/www.tollkoetter.de\/shop\/wp-json\/wp\/v2\/product\/108","targetHints":{"allow":["GET"]}}],"collection":[{"href":"https:\/\/www.tollkoetter.de\/shop\/wp-json\/wp\/v2\/product"}],"about":[{"href":"https:\/\/www.tollkoetter.de\/shop\/wp-json\/wp\/v2\/types\/product"}],"replies":[{"embeddable":true,"href":"https:\/\/www.tollkoetter.de\/shop\/wp-json\/wp\/v2\/comments?post=108"}],"wp:featuredmedia":[{"embeddable":true,"href":"https:\/\/www.tollkoetter.de\/shop\/wp-json\/wp\/v2\/media\/45"}],"wp:attachment":[{"href":"https:\/\/www.tollkoetter.de\/shop\/wp-json\/wp\/v2\/media?parent=108"}],"wp:term":[{"taxonomy":"product_brand","embeddable":true,"href":"https:\/\/www.tollkoetter.de\/shop\/wp-json\/wp\/v2\/product_brand?post=108"},{"taxonomy":"product_cat","embeddable":true,"href":"https:\/\/www.tollkoetter.de\/shop\/wp-json\/wp\/v2\/product_cat?post=108"},{"taxonomy":"product_tag","embeddable":true,"href":"https:\/\/www.tollkoetter.de\/shop\/wp-json\/wp\/v2\/product_tag?post=108"}],"curies":[{"name":"wp","href":"https:\/\/api.w.org\/{rel}","templated":true}]}}