{"id":107,"date":"2017-02-14T17:19:21","date_gmt":"2017-02-14T16:19:21","guid":{"rendered":"http:\/\/www.tollkoetter.de\/shop\/\/?post_type=product&#038;p=107"},"modified":"2023-09-01T11:30:21","modified_gmt":"2023-09-01T09:30:21","slug":"das-nussige","status":"publish","type":"product","link":"https:\/\/www.tollkoetter.de\/shop\/produkt\/das-nussige\/","title":{"rendered":"Das Nussige"},"content":{"rendered":"","protected":false},"excerpt":{"rendered":"<p>Unser Tollk\u00f6tter Das Nussige ist ein herrlich schmeckendes veganes Roggenvollkornbrot in den 5 verschiedene Nusssorten (Cashewkerne, Haseln\u00fcsse, Waln\u00fcsse, Erdn\u00fcsse und Mandeln) mit gebacken werden.<\/p>\n<p>Das Tollk\u00f6tter Das Nussige besteht aus:<br \/>\n100 % Roggenvollkornmehl,<br \/>\nCashewkerne, Erdn\u00fcsse, Mandeln, Waln\u00fcsse, Haseln\u00fcsse,<br \/>\nNatursauerteig, Hefe, Steinsalz<\/p>\n<p>Gewicht: ca. 750g (Grundpreis: 10,56 \u20ac je 1 kg)<\/p>\n","protected":false},"featured_media":44,"comment_status":"closed","ping_status":"closed","template":"","meta":[],"product_brand":[],"product_cat":[6],"product_tag":[],"class_list":{"0":"post-107","1":"product","2":"type-product","3":"status-publish","4":"has-post-thumbnail","6":"product_cat-vollkorn","8":"first","9":"instock","10":"taxable","11":"shipping-taxable","12":"purchasable","13":"product-type-simple"},"_links":{"self":[{"href":"https:\/\/www.tollkoetter.de\/shop\/wp-json\/wp\/v2\/product\/107","targetHints":{"allow":["GET"]}}],"collection":[{"href":"https:\/\/www.tollkoetter.de\/shop\/wp-json\/wp\/v2\/product"}],"about":[{"href":"https:\/\/www.tollkoetter.de\/shop\/wp-json\/wp\/v2\/types\/product"}],"replies":[{"embeddable":true,"href":"https:\/\/www.tollkoetter.de\/shop\/wp-json\/wp\/v2\/comments?post=107"}],"wp:featuredmedia":[{"embeddable":true,"href":"https:\/\/www.tollkoetter.de\/shop\/wp-json\/wp\/v2\/media\/44"}],"wp:attachment":[{"href":"https:\/\/www.tollkoetter.de\/shop\/wp-json\/wp\/v2\/media?parent=107"}],"wp:term":[{"taxonomy":"product_brand","embeddable":true,"href":"https:\/\/www.tollkoetter.de\/shop\/wp-json\/wp\/v2\/product_brand?post=107"},{"taxonomy":"product_cat","embeddable":true,"href":"https:\/\/www.tollkoetter.de\/shop\/wp-json\/wp\/v2\/product_cat?post=107"},{"taxonomy":"product_tag","embeddable":true,"href":"https:\/\/www.tollkoetter.de\/shop\/wp-json\/wp\/v2\/product_tag?post=107"}],"curies":[{"name":"wp","href":"https:\/\/api.w.org\/{rel}","templated":true}]}}