{"id":101,"date":"2017-02-14T17:03:46","date_gmt":"2017-02-14T16:03:46","guid":{"rendered":"http:\/\/www.tollkoetter.de\/shop\/\/?post_type=product&#038;p=101"},"modified":"2026-01-29T07:48:41","modified_gmt":"2026-01-29T06:48:41","slug":"tollkoetter-aufreisser","status":"publish","type":"product","link":"https:\/\/www.tollkoetter.de\/shop\/produkt\/tollkoetter-aufreisser\/","title":{"rendered":"Tollk\u00f6tter Aufrei\u00dfer"},"content":{"rendered":"","protected":false},"excerpt":{"rendered":"<p>Unser Tollk\u00f6tter Aufrei\u00dfer\u00ae ist ein herzhaftes und sehr schmackhaftes Roggenbaguette mit einer kr\u00e4ftig, knackigen Kruste. Unser Tipp: Vor dem Genuss noch einmal bei 150\u00b0 ca. 12 Minuten aufbacken (je nach Ofentyp)<\/p>\n<p>Der Aufrei\u00dfer\u00ae besteht aus:<br \/>\nca. 70 % Roggenmehl,<br \/>\nca. 30 % Weizenmehl,<br \/>\nNatursauerteig, Hefe, Steinsalz<\/p>\n<p>Gewicht: St\u00fcckpreis (Grundpreis: 8,70 \u20ac je 1 kg)<\/p>\n<p>&nbsp;<\/p>\n","protected":false},"featured_media":38,"comment_status":"closed","ping_status":"closed","template":"","meta":[],"product_brand":[],"product_cat":[101],"product_tag":[93],"class_list":{"0":"post-101","1":"product","2":"type-product","3":"status-publish","4":"has-post-thumbnail","6":"product_cat-roggenweizen-mischbrot","7":"product_tag-roggenbaguette","9":"first","10":"instock","11":"taxable","12":"shipping-taxable","13":"purchasable","14":"product-type-simple"},"_links":{"self":[{"href":"https:\/\/www.tollkoetter.de\/shop\/wp-json\/wp\/v2\/product\/101","targetHints":{"allow":["GET"]}}],"collection":[{"href":"https:\/\/www.tollkoetter.de\/shop\/wp-json\/wp\/v2\/product"}],"about":[{"href":"https:\/\/www.tollkoetter.de\/shop\/wp-json\/wp\/v2\/types\/product"}],"replies":[{"embeddable":true,"href":"https:\/\/www.tollkoetter.de\/shop\/wp-json\/wp\/v2\/comments?post=101"}],"wp:featuredmedia":[{"embeddable":true,"href":"https:\/\/www.tollkoetter.de\/shop\/wp-json\/wp\/v2\/media\/38"}],"wp:attachment":[{"href":"https:\/\/www.tollkoetter.de\/shop\/wp-json\/wp\/v2\/media?parent=101"}],"wp:term":[{"taxonomy":"product_brand","embeddable":true,"href":"https:\/\/www.tollkoetter.de\/shop\/wp-json\/wp\/v2\/product_brand?post=101"},{"taxonomy":"product_cat","embeddable":true,"href":"https:\/\/www.tollkoetter.de\/shop\/wp-json\/wp\/v2\/product_cat?post=101"},{"taxonomy":"product_tag","embeddable":true,"href":"https:\/\/www.tollkoetter.de\/shop\/wp-json\/wp\/v2\/product_tag?post=101"}],"curies":[{"name":"wp","href":"https:\/\/api.w.org\/{rel}","templated":true}]}}