{"id":185,"date":"2017-03-02T11:49:04","date_gmt":"2017-03-02T10:49:04","guid":{"rendered":"http:\/\/www.tollkoetter.de\/shop\/\/datenschutz\/"},"modified":"2018-12-13T13:05:58","modified_gmt":"2018-12-13T12:05:58","slug":"datenschutz","status":"publish","type":"page","link":"https:\/\/www.tollkoetter.de\/shop\/datenschutz\/","title":{"rendered":"Datenschutz"},"content":{"rendered":"<h2 style=\"text-align: center;\">Datenschutzerkl\u00e4rung<\/h2>\n<p style=\"text-align: center;\">Die Heinrich Tollk\u00f6tter GmbH, Mersmannsstiege 33, 48163 M\u00fcnster, ist Betreiber dieser Webseite und m\u00f6chte Sie in der nachfolgenden Datenschutzerkl\u00e4rung dar\u00fcber informieren, in welchem Umfang Daten bei der Nutzung dieser Webseite erhoben und zu welchem Zweck diese Daten verwendet werden. Die Nutzung unserer Seite ist ohne eine Angabe von personenbezogenen Daten m\u00f6glich. F\u00fcr die Nutzung einzelner Services unserer Seite k\u00f6nnen sich hierf\u00fcr abweichende Regelungen ergeben, die in diesem Falle nachstehend gesondert erl\u00e4utert werden. Ihre personenbezogenen Daten (z.B. Name, Anschrift, E-Mail, Telefonnummer, u.\u00e4.) werden von uns nur gem\u00e4\u00df den Bestimmungen des deutschen Datenschutzrechts verarbeitet. Daten sind dann personenbezogen, wenn sie eindeutig einer bestimmten nat\u00fcrlichen Person zugeordnet werden k\u00f6nnen. Die rechtlichen Grundlagen des Datenschutzes finden Sie im Bundesdatenschutzgesetz \u00a0(BDSG-neu) in Verbindung mit der Datenschutzgrundverordnung (DSGVO) und dem Telemediengesetz (TMG). Nachstehende Regelungen informieren Sie insoweit \u00fcber die Art, den Umfang und Zweck der Erhebung, die Nutzung und die Verarbeitung von personenbezogenen Daten durch den Anbieter<\/p>\n<p style=\"text-align: center;\">Heinrich Tollk\u00f6tter GmbH, Tel.: 02 51 \/ 78 68 08, info@tollkoetter.de<\/p>\n<p style=\"text-align: center;\">Wir weisen darauf hin, dass die internetbasierte Daten\u00fcbertragung Sicherheitsl\u00fccken aufweist, ein l\u00fcckenloser Schutz vor Zugriffen durch Dritte somit unm\u00f6glich ist.<\/p>\n<h4 style=\"text-align: center;\"><strong>Kontaktm\u00f6glichkeit<\/strong><\/h4>\n<p style=\"text-align: center;\">Wir bieten Ihnen auf unserer Seite die M\u00f6glichkeit, mit uns per E-Mail und\/oder \u00fcber ein Kontaktformular in Verbindung zu treten. In diesem Fall werden die vom Nutzer gemachten Angaben zum Zwecke der Bearbeitung seiner Kontaktaufnahme gespeichert. Eine Weitergabe an Dritte erfolgt nicht. Ein Abgleich der so erhobenen Daten mit Daten, die m\u00f6glicherweise durch andere Komponenten unserer Seite erhoben werden, erfolgt ebenfalls nicht. Soweit es sich hierbei um Angaben zu Kommunikationskan\u00e4len (Bsp.: Telefonnummer, Mailadresse) handelt, willigen Sie ein, dass wir Sie ggf. auch \u00fcber diesen Kommunikationskanal kontaktieren, um Ihr Anliegen zu beantworten (DSGVO, Artikel 6, Absatz 1a)).<\/p>\n<h4 style=\"text-align: center;\"><strong>Bestellm\u00f6glichkeiten \u00fcber den Online-Shop<\/strong><\/h4>\n<p style=\"text-align: center;\">Des Weiteren bieten wir Ihnen die M\u00f6glichkeit in unserem Online-Shop Waren zu bestellen. Zwecks der Vertragsabwicklung (DSGVO, Artikel 6, Absatz 1 b)) werden die folgenden personenbezogenen Daten erfasst und bearbeitet: Name, Vorname, Stra\u00dfe, PLZ, Ort, Land, Rufnummer und Mailadresse. Bezahldaten werden nicht erhoben, da der Kauf ausschlie\u00dflich \u00fcber die Bezahlart Rechnung m\u00f6glich ist. Die Er\u00f6ffnung eines Kundenkontos ist m\u00f6glich, aber f\u00fcr die Nutzung der Online-Bestellung nicht zwingend notwendig. Dar\u00fcber hinaus erhebt der Anbieter Daten \u00fcber jeden Zugriff auf das Onlineangebot (so genannte Serverlogfiles). Zu den Zugriffsdaten geh\u00f6ren Name der abgerufenen Webseite, Datei, Datum und Uhrzeit des Abrufs, \u00fcbertragene Datenmenge, Meldung \u00fcber erfolgreichen Abruf, Browsertyp nebst Version, das Betriebssystem des Nutzers, Referrer URL (die zuvor besuchte Seite), IP-Adresse und der anfragende Provider. Der Anbieter verwendet die Protokolldaten ohne Zuordnung zur Person des Nutzers oder sonstiger Profilerstellung entsprechend den gesetzlichen Bestimmungen nur f\u00fcr statistische Auswertungen zum Zweck des Betriebs, der Sicherheit und der Optimierung des Onlineangebotes. Der Anbieter beh\u00e4lt sich jedoch vor, die Protokolldaten nachtr\u00e4glich zu \u00fcberpr\u00fcfen, wenn aufgrund konkreter Anhaltspunkte der berechtigte Verdacht einer rechtswidrigen Nutzung besteht. Mit externen Dienstleistern, wie dem Provider, wurden Auftragsverarbeitungsvertr\u00e4ge geschlossen, um einen Missbrauch der erfassten Daten auszuschlie\u00dfen.<\/p>\n<h4 style=\"text-align: center;\"><strong>Auskunft\/Widerruf\/L\u00f6schung<\/strong><\/h4>\n<p style=\"text-align: center;\">Laut Datenschutzgrundverordnung (DSGVO, Artikel 15) haben Sie das Recht, Auskunft \u00fcber Ihre bei uns gespeicherten personenbezogenen Daten zu erhalten. Zudem haben Sie das Recht auf deren Berichtigung, Einschr\u00e4nkung oder L\u00f6schung. (DSGVO, Artikel 16-18). M\u00f6chten Sie davon Gebrauch machen oder einen Widerruf einer erteilten Einwilligung aussprechen, wenden Sie sich unentgeltlich an uns. Wir weisen darauf hin, dass Ihnen ein Recht auf Berichtigung falscher Daten oder L\u00f6schung personenbezogener Daten nur zusteht, sollte diesem Anspruch keine gesetzliche Aufbewahrungspflicht entgegenstehen.<\/p>\n<h4 style=\"text-align: center;\"><strong>Beschwerderecht<\/strong><\/h4>\n<p style=\"text-align: center;\">Sie haben das Recht der Beschwerde bei der Landesbeauftragten f\u00fcr den Datenschutz Nordrhein-Westfalen, Kavalleriestra\u00dfe 2-4, 40213 D\u00fcsseldorf.<\/p>\n<h4 style=\"text-align: center;\"><strong>Technisch organisatorische Ma\u00dfnahmen (TOMs)<\/strong><\/h4>\n<p style=\"text-align: center;\">Um Ihren bei uns gespeicherten personenbezogenen Daten ein h\u00f6chstes Ma\u00df an Sicherheit zu garantieren, haben wir zahlreiche technische und organisatorische Ma\u00dfnahmen (DSGVO, Artikel 30 Abs. 1 g i. V. m. Art. 32 Abs. 1) ergriffen. Diese wurden neben dem Verarbeitungsverzeichnis (DSGVO, Artikel 30) dokumentiert.<\/p>\n<h4 style=\"text-align: center;\"><strong>SSL-Verschl\u00fcsselung<\/strong><\/h4>\n<p style=\"text-align: center;\"><span style=\"font-size: 11.0pt; font-family: 'Arial',sans-serif;\">Um die Sicherheit Ihrer Daten bei der \u00dcbertragung zu sch\u00fctzen, verwenden wir dem aktuellen Stand der Technik entsprechende Verschl\u00fcsselungsverfahren (z. B. SSL) \u00fcber HTTPS.<\/span><\/p>\n<h4 style=\"text-align: center;\"><strong>Cookies<\/strong><\/h4>\n<p style=\"text-align: center;\">Unsere Website verwendet Cookies. Das sind kleine Textdateien, die es m\u00f6glich machen, auf dem Endger\u00e4t des Nutzers spezifische, auf den Nutzer bezogene Informationen zu speichern, w\u00e4hrend er die Website nutzt. Cookies erm\u00f6glichen es, insbesondere Nutzungsh\u00e4ufigkeit und Nutzeranzahl der Seiten zu ermitteln, Verhaltensweisen der Seitennutzung zu analysieren, aber auch unser Angebot kundenfreundlicher zu gestalten. Cookies bleiben \u00fcber das Ende einer Browser-Sitzung gespeichert und k\u00f6nnen bei einem erneuten Seitenbesuch wieder aufgerufen werden. Wenn Sie das nicht w\u00fcnschen, sollten Sie Ihren Internetbrowser so einstellen, dass er die Annahme von Cookies verweigert.<\/p>\n<h4 style=\"text-align: center;\"><strong>\u00a0Webanalyse<\/strong><\/h4>\n<p style=\"text-align: center;\">Diese Website benutzt Google Analytics, einen Webanalysedienst der Google Inc. (\u201eGoogle\u201c). Google Analytics verwendet sog. \u201eCookies\u201c, Textdateien, die auf Ihrem Computer gespeichert werden und die eine Analyse der Benutzung der Website durch Sie erm\u00f6glichen. Die durch den Cookie erzeugten Informationen \u00fcber Ihre Benutzung dieser Website werden in der Regel an einen Server von Google in den USA \u00fcbertragen und dort gespeichert. Im Falle der Aktivierung der IP-Anonymisierung auf dieser Webseite, wird Ihre IP-Adresse von Google jedoch innerhalb von Mitgliedstaaten der Europ\u00e4ischen Union oder in anderen Vertragsstaaten des Abkommens \u00fcber den Europ\u00e4ischen Wirtschaftsraum zuvor gek\u00fcrzt. Nur in Ausnahmef\u00e4llen wird die volle IP-Adresse an einen Server von Google in den USA \u00fcbertragen und dort gek\u00fcrzt. Im Auftrag des Betreibers dieser Website wird Google diese Informationen benutzen, um Ihre Nutzung der Website auszuwerten, um Reports \u00fcber die Websiteaktivit\u00e4ten zusammenzustellen und um weitere mit der Websitenutzung und der Internetnutzung verbundene Dienstleistungen gegen\u00fcber dem Websitebetreiber zu erbringen. Die im Rahmen von Google Analytics von Ihrem Browser \u00fcbermittelte IP-Adresse wird nicht mit anderen Daten von Google zusammengef\u00fchrt. Sie k\u00f6nnen die Speicherung der Cookies durch eine entsprechende Einstellung Ihrer Browser-Software verhindern; wir weisen Sie jedoch darauf hin, dass Sie in diesem Fall gegebenenfalls nicht s\u00e4mtliche Funktionen dieser Website vollumf\u00e4nglich werden nutzen k\u00f6nnen. Sie k\u00f6nnen dar\u00fcber hinaus die Erfassung der durch das Cookie erzeugten und auf Ihre Nutzung der Website bezogenen Daten (inkl. Ihrer IP-Adresse) an Google sowie die Verarbeitung dieser Daten durch Google verhindern, indem sie das verf\u00fcgbare <u><a href=\"http:\/\/tools.google.com\/dlpage\/gaoptout?hl=de\">Browser-Plugin<\/a><\/u> herunterladen und installieren.<\/p>\n<p>N\u00e4here Informationen zu Nutzungsbedingungen und Datenschutz finden Sie unter<\/p>\n<ul style=\"text-align: center;\">\n<li><u><a href=\"http:\/\/www.google.com\/analytics\/terms\/de.html\">http:\/\/www.google.com\/analytics\/terms\/de.html<\/a><\/u><\/li>\n<li><u><a href=\"http:\/\/www.google.com\/intl\/de\/analytics\/privacyoverview.html\">http:\/\/www.google.com\/intl\/de\/analytics\/privacyoverview.html<\/a><\/u>.<\/li>\n<\/ul>\n<p style=\"text-align: center;\">Wir weisen Sie darauf hin, dass auf dieser Webseite Google Analytics um den Code \u201egat._anonymizeIp();\u201c erweitert wurde, um eine anonymisierte Erfassung von IP-Adressen (sog. IP-Masking) zu gew\u00e4hrleisten. Wir nutzen Google Analytics zudem dazu, Daten aus AdWords und dem Double-Click-Cookie zu statistischen Zwecken auszuwerten. Sollten Sie dies nicht w\u00fcnschen, k\u00f6nnen Sie dies \u00fcber den <u><a href=\"https:\/\/www.google.com\/settings\/ads\/onweb\/?hl=de\">Anzeigenvorgaben-Manager <\/a><\/u>deaktivieren.<\/p>\n<h4 style=\"text-align: center;\"><strong>Verwendung von Facebook Social Plugins<\/strong><\/h4>\n<p style=\"text-align: center;\">Auf diesem Onlineangebot werden Social Plugins (\u201ePlugins\u201c) des sozialen Netzwerkes facebook.com verwendet, welches von der Facebook Inc., 1601 S. California Ave, Palo Alto, CA 94304, USA betrieben wird (\u201eFacebook\u201c). Die Plugins sind an einem der Facebook Logos erkennbar (wei\u00dfes \u201ef\u201c auf blauer Kachel oder ein \u201eDaumen hoch\u201c-Zeichen) oder sind mit dem Zusatz \u201cFacebook Social Plugin\u201d gekennzeichnet. Die Liste und das Aussehen der Facebook Social Plugins kann hier eingesehen werden: https:\/\/developers.facebook.com\/docs\/plugins\/.<br \/>\nWenn ein Nutzer eine Webseite dieses Onlineangebotes aufruft, die ein solches Plugin enth\u00e4lt, baut sein Browser eine direkte Verbindung mit den Servern von Facebook auf. Der Inhalt des Plugins wird von Facebook direkt an den Browser des Nutzers \u00fcbermittelt und von dem Browser in die Webseite eingebunden. Der Anbieter hat daher keinen Einfluss auf den Umfang der Daten, die Facebook mit Hilfe dieses Plugins erhebt und informiert die Nutzer daher entsprechend ihrem Kenntnisstand: Durch die Einbindung der Plugins erh\u00e4lt Facebook die Information, dass ein Nutzer die entsprechende Seite des Onlineangebots aufgerufen hat. Ist der Nutzer bei Facebook eingeloggt, kann Facebook den Besuch seinem Facebook-Konto zuordnen. Wenn ein Nutzer mit den Plugins interagieren, zum Beispiel den Like Button bet\u00e4tigen oder einen Kommentar abgeben, wird die entsprechende Information von Ihrem Browser direkt an Facebook \u00fcbermittelt und dort gespeichert. Falls ein Nutzer kein Mitglied von Facebook ist, besteht trotzdem die M\u00f6glichkeit, dass Facebook seine IP-Adresse in Erfahrung bringt und speichert. Laut Facebook wird in Deutschland nur eine anonymisierte IP-Adresse gespeichert. Zweck und Umfang der Datenerhebung und die weitere Verarbeitung und Nutzung der Daten durch Facebook sowie die diesbez\u00fcglichen Rechte und Einstellungsm\u00f6glichkeiten zum Schutz der Privatsph\u00e4re der Nutzer , k\u00f6nnen diese den Datenschutzhinweisen von Facebook entnehmen: https:\/\/www.facebook.com\/about\/privacy\/.<br \/>\nWenn ein Nutzer Facebookmitglied ist und nicht m\u00f6chte, dass Facebook \u00fcber dieses Onlineangebot Daten \u00fcber ihn sammelt und mit seinen bei Facebook gespeicherten Mitgliedsdaten verkn\u00fcpft, muss er sich vor dem Besuch des Internetauftritts bei Facebook ausloggen und entsprechende Facebook-Cookies l\u00f6schen. Ebenfalls ist es m\u00f6glich Facebook-Social-Plugins mit Add-ons f\u00fcr den Browser zu blocken, zum Beispiel mit dem \u201eFacebook Blocker\u201c.<\/p>\n<h4 style=\"text-align: center;\"><strong>Datenschutz in Person<\/strong><\/h4>\n<p style=\"text-align: center;\">Der Schutz Ihrer Daten hat bei uns h\u00f6chste Priorit\u00e4t. Sollten Sie Anfragen zu Ihren gespeicherten Daten oder zum Datenschutz in unserem Hause haben, so k\u00f6nnen Sie uns zu den Gesch\u00e4ftszeiten auf den folgenden Wegen erreichen:<\/p>\n<p style=\"text-align: center;\">Heinrich Tollk\u00f6tter GmbH<br \/>\nMersmannsstiege 33<br \/>\n48163 M\u00fcnster\u00a0\/ Deutschland<br \/>\nTelefon: +49 251 78 68 08<br \/>\nFax: +49 251 76 16 02<br \/>\nE-Mail: info(at)tollkoetter.de<\/p>\n","protected":false},"excerpt":{"rendered":"<p>Datenschutzerkl\u00e4rung Die Heinrich Tollk\u00f6tter GmbH, Mersmannsstiege 33, 48163 M\u00fcnster, ist Betreiber dieser Webseite und m\u00f6chte Sie in der nachfolgenden Datenschutzerkl\u00e4rung dar\u00fcber informieren, in welchem Umfang Daten bei der Nutzung dieser Webseite erhoben und zu welchem Zweck diese Daten verwendet werden. Die Nutzung unserer Seite ist ohne eine Angabe von personenbezogenen Daten m\u00f6glich. F\u00fcr die Nutzung [&hellip;]<\/p>\n","protected":false},"author":11,"featured_media":0,"parent":0,"menu_order":0,"comment_status":"closed","ping_status":"closed","template":"","meta":{"footnotes":""},"class_list":["post-185","page","type-page","status-publish","hentry"],"_links":{"self":[{"href":"https:\/\/www.tollkoetter.de\/shop\/wp-json\/wp\/v2\/pages\/185","targetHints":{"allow":["GET"]}}],"collection":[{"href":"https:\/\/www.tollkoetter.de\/shop\/wp-json\/wp\/v2\/pages"}],"about":[{"href":"https:\/\/www.tollkoetter.de\/shop\/wp-json\/wp\/v2\/types\/page"}],"author":[{"embeddable":true,"href":"https:\/\/www.tollkoetter.de\/shop\/wp-json\/wp\/v2\/users\/11"}],"replies":[{"embeddable":true,"href":"https:\/\/www.tollkoetter.de\/shop\/wp-json\/wp\/v2\/comments?post=185"}],"version-history":[{"count":3,"href":"https:\/\/www.tollkoetter.de\/shop\/wp-json\/wp\/v2\/pages\/185\/revisions"}],"predecessor-version":[{"id":1193,"href":"https:\/\/www.tollkoetter.de\/shop\/wp-json\/wp\/v2\/pages\/185\/revisions\/1193"}],"wp:attachment":[{"href":"https:\/\/www.tollkoetter.de\/shop\/wp-json\/wp\/v2\/media?parent=185"}],"curies":[{"name":"wp","href":"https:\/\/api.w.org\/{rel}","templated":true}]}}