{"id":181,"date":"2017-03-02T11:49:03","date_gmt":"2017-03-02T10:49:03","guid":{"rendered":"http:\/\/www.tollkoetter.de\/shop\/\/impressum\/"},"modified":"2025-01-24T12:44:06","modified_gmt":"2025-01-24T11:44:06","slug":"impressum","status":"publish","type":"page","link":"https:\/\/www.tollkoetter.de\/shop\/impressum\/","title":{"rendered":"Impressum"},"content":{"rendered":"<p><strong>Heinrich Tollk\u00f6tter GmbH<\/strong><\/p>\n<p>Gesch\u00e4ftsf\u00fchrer\/in: Konstanze &amp; Max Hanke<\/p>\n<p>B\u00fcro\u00a0(Mo-Fr 8.00h-14:00h)<br \/>\nMersmannsstiege 33<br \/>\n48163 M\u00fcnster<br \/>\nTel.: 02 51 \/ 76 21 23<br \/>\nFax.: 02 51 \/ 76 16 02<br \/>\nE-Mail: info@tollkoetter.de<\/p>\n<p>USt-IdNr.<br \/>\nDE 182712874<\/p>\n<p>Gerichtsstand:\u00a0Die Heinrich Tollk\u00f6tter GmbH ist beim Amtsgericht M\u00fcnster eingetragen.<br \/>\nHandelsregister M\u00fcnster: HRB 4806<\/p>\n<p>Website\/Onlineshop Design &amp; Programmierung<br \/>\nDieser WooComerce Shop wurde von <a href=\"http:\/\/www.kk21.de\">KK21 Communication GmbH<\/a> gestaltet und realisiert.<\/p>\n<p>Bildnachweis<br \/>\nDie Produktbilder sind Eigentum der Heinrich Tollk\u00f6tter GmbH und wurden zusammen mit der <a href=\"http:\/\/www.kk21.de\">KK21 Communication GmbH<\/a> und deren Partner realisiert.<\/p>\n<p>Hinweise (siehe auch Haftungsausschluss)<br \/>\nAlle Angaben auf diesen Seiten erfolgen ohne Gew\u00e4hr. Die Heinrich Tollk\u00f6tter GmbH \u00fcbernimmt keine Gew\u00e4hr f\u00fcr die Aktualit\u00e4t, Richtigkeit und Vollst\u00e4ndigkeit der bereitgestellten Informationen. Haftungsanspr\u00fcche gegen die Heinrich Tollk\u00f6tter GmbH die sich auf Sch\u00e4den materieller oder ideeller Art beziehen, sind grunds\u00e4tzlich ausgeschlossen.<br \/>\nDie Heinrich Tollk\u00f6tter GmbH \u00fcbernimmt keine Haftung f\u00fcr illegale oder rechtswidrige Inhalte verlinkter Internetseiten. Alle verlinkten Inhalte sind Fremdinhalte.<\/p>\n<p>Haftungsausschluss<\/p>\n<p>1. Inhalt des Onlineangebotes<br \/>\nDer Autor \u00fcbernimmt keinerlei Gew\u00e4hr f\u00fcr die Aktualit\u00e4t, Korrektheit, Vollst\u00e4ndigkeit oder Qualit\u00e4t der bereitgestellten Informationen. Haftungsanspr\u00fcche gegen den Autor, welche sich auf Sch\u00e4den materieller oder ideeller Art beziehen, die durch die Nutzung oder Nichtnutzung der dargebotenen Informationen bzw. durch die Nutzung fehlerhafter und unvollst\u00e4ndiger Informationen verursacht wurden sind grunds\u00e4tzlich ausgeschlossen, sofern seitens des Autors kein nachweislich vors\u00e4tzliches oder grob fahrl\u00e4ssiges Verschulden vorliegt. Alle Angebote sind freibleibend und unverbindlich. Der Autor beh\u00e4lt es sich ausdr\u00fccklich vor, Teile der Seiten oder das gesamte Angebot ohne gesonderte Ank\u00fcndigung zu ver\u00e4ndern, zu erg\u00e4nzen, zu l\u00f6schen oder die Ver\u00f6ffentlichung zeitweise oder endg\u00fcltig einzustellen.<\/p>\n<p>2. Verweise und Links<br \/>\nBei direkten oder indirekten Verweisen auf fremde Internetseiten (\u201eLinks\u201c), die au\u00dferhalb des Verantwortungsbereiches des Autors liegen, w\u00fcrde eine Haftungsverpflichtung ausschlie\u00dflich in dem Fall in Kraft treten, in dem der Autor von den Inhalten Kenntnis hat und es ihm technisch m\u00f6glich und zumutbar w\u00e4re, die Nutzung im Falle rechtswidriger Inhalte zu verhindern. Der Autor erkl\u00e4rt daher ausdr\u00fccklich, dass zum Zeitpunkt der Linksetzung die entsprechenden verlinkten Seiten frei von illegalen Inhalten waren. Der Autor hat keinerlei Einfluss auf die aktuelle und zuk\u00fcnftige Gestaltung und auf die Inhalte der gelinkten\/verkn\u00fcpften Seiten. Deshalb distanziert er sich hiermit ausdr\u00fccklich von allen Inhalten aller gelinkten \/verkn\u00fcpften Seiten, die nach der Linksetzung ver\u00e4ndert wurden. Diese Feststellung gilt f\u00fcr alle innerhalb des eigenen Internetangebotes gesetzten Links und Verweise sowie f\u00fcr Fremdeintr\u00e4ge in vom Autor eingerichteten G\u00e4steb\u00fcchern, Diskussionsforen und Mailinglisten. F\u00fcr illegale, fehlerhafte oder unvollst\u00e4ndige Inhalte und insbesondere f\u00fcr Sch\u00e4den, die aus der Nutzung oder Nichtnutzung solcherart dargebotener Informationen entstehen, haftet allein der Anbieter der Seite, auf welche verwiesen wurde, nicht derjenige, der \u00fcber Links auf die jeweilige Ver\u00f6ffentlichung lediglich verweist.<\/p>\n<p>3. Urheber- und Kennzeichenrecht<br \/>\nDer Autor ist bestrebt, in allen Publikationen die Urheberrechte der verwendeten Grafiken, Tondokumente, Videosequenzen und Texte zu beachten, von ihm selbst erstellte Grafiken, Tondokumente, Videosequenzen und Texte zu nutzen oder auf lizenzfreie Grafiken, Tondokumente, Videosequenzen und Texte zur\u00fcckzugreifen. Alle innerhalb des Internetangebotes genannten und ggf. durch Dritte gesch\u00fctzten Marken- und Warenzeichen unterliegen uneingeschr\u00e4nkt den Bestimmungen des jeweils g\u00fcltigen Kennzeichenrechts und den Besitzrechten der jeweiligen eingetragenen Eigent\u00fcmer. Allein aufgrund der blo\u00dfen Nennung ist nicht der Schluss zu ziehen, dass Markenzeichen nicht durch Rechte Dritter gesch\u00fctzt sind! Das Copyright f\u00fcr ver\u00f6ffentlichte, vom Autor selbst erstellte Objekte bleibt allein beim Autor der Seiten. Eine Vervielf\u00e4ltigung oder Verwendung solcher Grafiken, Tondokumente, Videosequenzen und Texte in anderen elektronischen oder gedruckten Publikationen ist ohne ausdr\u00fcckliche Zustimmung des Autors nicht gestattet.<\/p>\n<p>4. Datenschutz<br \/>\nSofern innerhalb des Internetangebotes die M\u00f6glichkeit zur Eingabe pers\u00f6nlicher oder gesch\u00e4ftlicher Daten (Emailadressen, Namen, Anschriften) besteht, so erfolgt die Preisgabe dieser Daten seitens des Nutzers auf ausdr\u00fccklich freiwilliger Basis (siehe auch separate Datenschutzerkl\u00e4rung).<\/p>\n<p>5. Rechtswirksamkeit dieses Haftungsausschlusses<br \/>\nDieser Haftungsausschluss ist als Teil des Internetangebotes zu betrachten, von dem aus auf diese Seite verwiesen wurde. Sofern Teile oder einzelne Formulierungen dieses Textes der geltenden Rechtslage nicht, nicht mehr oder nicht vollst\u00e4ndig entsprechen sollten, bleiben die \u00fcbrigen Teile des Dokumentes in ihrem Inhalt und ihrer G\u00fcltigkeit davon unber\u00fchrt.<\/p>\n","protected":false},"excerpt":{"rendered":"<p>Heinrich Tollk\u00f6tter GmbH Gesch\u00e4ftsf\u00fchrer\/in: Konstanze &amp; Max Hanke B\u00fcro\u00a0(Mo-Fr 8.00h-14:00h) Mersmannsstiege 33 48163 M\u00fcnster Tel.: 02 51 \/ 76 21 23 Fax.: 02 51 \/ 76 16 02 E-Mail: info@tollkoetter.de USt-IdNr. DE 182712874 Gerichtsstand:\u00a0Die Heinrich Tollk\u00f6tter GmbH ist beim Amtsgericht M\u00fcnster eingetragen. Handelsregister M\u00fcnster: HRB 4806 Website\/Onlineshop Design &amp; Programmierung Dieser WooComerce Shop wurde von [&hellip;]<\/p>\n","protected":false},"author":11,"featured_media":0,"parent":0,"menu_order":0,"comment_status":"closed","ping_status":"closed","template":"","meta":{"footnotes":""},"class_list":["post-181","page","type-page","status-publish","hentry"],"_links":{"self":[{"href":"https:\/\/www.tollkoetter.de\/shop\/wp-json\/wp\/v2\/pages\/181","targetHints":{"allow":["GET"]}}],"collection":[{"href":"https:\/\/www.tollkoetter.de\/shop\/wp-json\/wp\/v2\/pages"}],"about":[{"href":"https:\/\/www.tollkoetter.de\/shop\/wp-json\/wp\/v2\/types\/page"}],"author":[{"embeddable":true,"href":"https:\/\/www.tollkoetter.de\/shop\/wp-json\/wp\/v2\/users\/11"}],"replies":[{"embeddable":true,"href":"https:\/\/www.tollkoetter.de\/shop\/wp-json\/wp\/v2\/comments?post=181"}],"version-history":[{"count":5,"href":"https:\/\/www.tollkoetter.de\/shop\/wp-json\/wp\/v2\/pages\/181\/revisions"}],"predecessor-version":[{"id":6478,"href":"https:\/\/www.tollkoetter.de\/shop\/wp-json\/wp\/v2\/pages\/181\/revisions\/6478"}],"wp:attachment":[{"href":"https:\/\/www.tollkoetter.de\/shop\/wp-json\/wp\/v2\/media?parent=181"}],"curies":[{"name":"wp","href":"https:\/\/api.w.org\/{rel}","templated":true}]}}